{"id":1809,"date":"2023-11-01T01:40:06","date_gmt":"2023-10-31T22:40:06","guid":{"rendered":"https:\/\/flascopyozalit.com\/?page_id=1809"},"modified":"2025-11-11T00:22:16","modified_gmt":"2025-11-10T21:22:16","slug":"hakkimizda","status":"publish","type":"page","link":"https:\/\/flascopyozalit.com\/index.php\/hakkimizda\/","title":{"rendered":"Hakk\u0131m\u0131zda"},"content":{"rendered":"\t\t<div data-elementor-type=\"wp-page\" data-elementor-id=\"1809\" class=\"elementor elementor-1809\">\n\t\t\t\t\t\t\t\t\t<section class=\"elementor-section elementor-top-section elementor-element elementor-element-5058d7e elementor-section-content-middle elementor-section-full_width elementor-reverse-mobile elementor-reverse-tablet elementor-section-height-default elementor-section-height-default elementor-invisible\" data-id=\"5058d7e\" data-element_type=\"section\" data-settings=\"{&quot;animation&quot;:&quot;slideInDown&quot;}\">\n\t\t\t\t\t\t<div class=\"elementor-container elementor-column-gap-no\">\n\t\t\t\t\t<div class=\"elementor-column elementor-col-50 elementor-top-column elementor-element elementor-element-8a7c9f6\" data-id=\"8a7c9f6\" data-element_type=\"column\">\n\t\t\t<div class=\"elementor-widget-wrap elementor-element-populated\">\n\t\t\t\t\t\t\t\t<div class=\"elementor-element elementor-element-6ec1c76 elementor-widget elementor-widget-image\" data-id=\"6ec1c76\" data-element_type=\"widget\" data-widget_type=\"image.default\">\n\t\t\t\t<div class=\"elementor-widget-container\">\n\t\t\t<style>\/*! elementor - v3.15.0 - 20-08-2023 *\/\n.elementor-widget-image{text-align:center}.elementor-widget-image a{display:inline-block}.elementor-widget-image a img[src$=\".svg\"]{width:48px}.elementor-widget-image img{vertical-align:middle;display:inline-block}<\/style>\t\t\t\t\t\t\t\t\t\t\t\t<img loading=\"lazy\" decoding=\"async\" width=\"1024\" height=\"683\" src=\"https:\/\/flascopyozalit.com\/wp-content\/uploads\/2025\/11\/IMG_8958-1024x683.png\" class=\"attachment-large size-large wp-image-2049\" alt=\"\" srcset=\"https:\/\/flascopyozalit.com\/wp-content\/uploads\/2025\/11\/IMG_8958-1024x683.png 1024w, https:\/\/flascopyozalit.com\/wp-content\/uploads\/2025\/11\/IMG_8958-300x200.png 300w, https:\/\/flascopyozalit.com\/wp-content\/uploads\/2025\/11\/IMG_8958-768x512.png 768w, https:\/\/flascopyozalit.com\/wp-content\/uploads\/2025\/11\/IMG_8958.png 1536w\" sizes=\"auto, (max-width: 1024px) 100vw, 1024px\" \/>\t\t\t\t\t\t\t\t\t\t\t\t\t\t\t<\/div>\n\t\t\t\t<\/div>\n\t\t\t\t\t<\/div>\n\t\t<\/div>\n\t\t\t\t<div class=\"elementor-column elementor-col-50 elementor-top-column elementor-element elementor-element-f3eb962\" data-id=\"f3eb962\" data-element_type=\"column\">\n\t\t\t<div class=\"elementor-widget-wrap elementor-element-populated\">\n\t\t\t\t\t\t\t\t<div class=\"elementor-element elementor-element-876b083 elementor-widget elementor-widget-heading\" data-id=\"876b083\" data-element_type=\"widget\" data-widget_type=\"heading.default\">\n\t\t\t\t<div class=\"elementor-widget-container\">\n\t\t\t<style>\/*! elementor - v3.15.0 - 20-08-2023 *\/\n.elementor-heading-title{padding:0;margin:0;line-height:1}.elementor-widget-heading .elementor-heading-title[class*=elementor-size-]>a{color:inherit;font-size:inherit;line-height:inherit}.elementor-widget-heading .elementor-heading-title.elementor-size-small{font-size:15px}.elementor-widget-heading .elementor-heading-title.elementor-size-medium{font-size:19px}.elementor-widget-heading .elementor-heading-title.elementor-size-large{font-size:29px}.elementor-widget-heading .elementor-heading-title.elementor-size-xl{font-size:39px}.elementor-widget-heading .elementor-heading-title.elementor-size-xxl{font-size:59px}<\/style><h1 class=\"elementor-heading-title elementor-size-default\">Hakk\u0131m\u0131zda<\/h1>\t\t<\/div>\n\t\t\t\t<\/div>\n\t\t\t\t<div class=\"elementor-element elementor-element-65eeb02 elementor-widget elementor-widget-text-editor\" data-id=\"65eeb02\" data-element_type=\"widget\" data-widget_type=\"text-editor.default\">\n\t\t\t\t<div class=\"elementor-widget-container\">\n\t\t\t<style>\/*! elementor - v3.15.0 - 20-08-2023 *\/\n.elementor-widget-text-editor.elementor-drop-cap-view-stacked .elementor-drop-cap{background-color:#69727d;color:#fff}.elementor-widget-text-editor.elementor-drop-cap-view-framed .elementor-drop-cap{color:#69727d;border:3px solid;background-color:transparent}.elementor-widget-text-editor:not(.elementor-drop-cap-view-default) .elementor-drop-cap{margin-top:8px}.elementor-widget-text-editor:not(.elementor-drop-cap-view-default) .elementor-drop-cap-letter{width:1em;height:1em}.elementor-widget-text-editor .elementor-drop-cap{float:left;text-align:center;line-height:1;font-size:50px}.elementor-widget-text-editor .elementor-drop-cap-letter{display:inline-block}<\/style>\t\t\t\t<p>1991 y\u0131l\u0131ndan bu yana Fla\u015f Copy, T\u00fcrkiye\u2019nin dijital bask\u0131 alan\u0131ndaki \u00f6nc\u00fc firmalar\u0131ndan biridir.<\/p><p>Y\u00fcksek kaliteli bask\u0131 teknolojilerini yarat\u0131c\u0131 tasar\u0131m anlay\u0131\u015f\u0131yla birle\u015ftirerek; kurumsal firmalara, ajanslara ve bireysel m\u00fc\u015fterilere \u00f6zel \u00e7\u00f6z\u00fcmler sunuyoruz.<\/p><p>Bro\u015f\u00fcr, katalog, kartvizit, branda, afi\u015f, ti\u015f\u00f6rt ve promosyon \u00fcr\u00fcnleri gibi geni\u015f bir \u00fcretim yelpazemizle, fikirlerinizi ger\u00e7e\u011fe d\u00f6n\u00fc\u015ft\u00fcr\u00fcyoruz.<\/p><p>Fla\u015f Copy olarak amac\u0131m\u0131z; sadece bask\u0131 yapmak de\u011fil, markalar\u0131n de\u011ferini y\u00fckselten \u00f6zg\u00fcn ve etkileyici i\u015fler ortaya koymakt\u0131r.<\/p>\t\t\t\t\t\t<\/div>\n\t\t\t\t<\/div>\n\t\t\t\t\t<\/div>\n\t\t<\/div>\n\t\t\t\t\t\t\t<\/div>\n\t\t<\/section>\n\t\t\t\t<section class=\"elementor-section elementor-top-section elementor-element elementor-element-6bc9e26 elementor-section-content-middle elementor-section-full_width elementor-section-height-default elementor-section-height-default elementor-invisible\" data-id=\"6bc9e26\" data-element_type=\"section\" data-settings=\"{&quot;animation&quot;:&quot;slideInDown&quot;}\">\n\t\t\t\t\t\t<div class=\"elementor-container elementor-column-gap-no\">\n\t\t\t\t\t<div class=\"elementor-column elementor-col-50 elementor-top-column elementor-element elementor-element-b1343fc\" data-id=\"b1343fc\" data-element_type=\"column\">\n\t\t\t<div class=\"elementor-widget-wrap elementor-element-populated\">\n\t\t\t\t\t\t\t\t<div class=\"elementor-element elementor-element-48ddc12 elementor-widget elementor-widget-heading\" data-id=\"48ddc12\" data-element_type=\"widget\" data-widget_type=\"heading.default\">\n\t\t\t\t<div class=\"elementor-widget-container\">\n\t\t\t<h2 class=\"elementor-heading-title elementor-size-default\">Kalite ve<br>Teknoloji<\/h2>\t\t<\/div>\n\t\t\t\t<\/div>\n\t\t\t\t<div class=\"elementor-element elementor-element-1f4031c elementor-widget__width-initial elementor-widget elementor-widget-text-editor\" data-id=\"1f4031c\" data-element_type=\"widget\" data-widget_type=\"text-editor.default\">\n\t\t\t\t<div class=\"elementor-widget-container\">\n\t\t\t\t\t\t\t<p>Fla\u015f Copy, bask\u0131 teknolojisindeki yenilikleri yak\u0131ndan takip eder ve her \u00fcretim s\u00fcrecinde en y\u00fcksek kalite standartlar\u0131n\u0131 uygular.<br \/>Her projede hedefimiz; en canl\u0131 renkleri, en net detaylar\u0131 ve en profesyonel sonu\u00e7lar\u0131 elde etmektir.<br \/>\u00dcretim s\u00fcre\u00e7lerimiz, ileri seviye ekipmanlar\u0131m\u0131z ve uzman kadromuz taraf\u0131ndan titizlikle y\u00f6netilir.<\/p>\t\t\t\t\t\t<\/div>\n\t\t\t\t<\/div>\n\t\t\t\t\t<\/div>\n\t\t<\/div>\n\t\t\t\t<div class=\"elementor-column elementor-col-50 elementor-top-column elementor-element elementor-element-d3ff970\" data-id=\"d3ff970\" data-element_type=\"column\">\n\t\t\t<div class=\"elementor-widget-wrap elementor-element-populated\">\n\t\t\t\t\t\t\t\t<div class=\"elementor-element elementor-element-ccd8660 elementor-widget elementor-widget-image\" data-id=\"ccd8660\" data-element_type=\"widget\" data-widget_type=\"image.default\">\n\t\t\t\t<div class=\"elementor-widget-container\">\n\t\t\t\t\t\t\t\t\t\t\t\t\t\t\t<img loading=\"lazy\" decoding=\"async\" width=\"1024\" height=\"1536\" src=\"https:\/\/flascopyozalit.com\/wp-content\/uploads\/2025\/11\/IMG_8963.png\" class=\"attachment-full size-full wp-image-2054\" alt=\"\" srcset=\"https:\/\/flascopyozalit.com\/wp-content\/uploads\/2025\/11\/IMG_8963.png 1024w, https:\/\/flascopyozalit.com\/wp-content\/uploads\/2025\/11\/IMG_8963-200x300.png 200w, https:\/\/flascopyozalit.com\/wp-content\/uploads\/2025\/11\/IMG_8963-683x1024.png 683w, https:\/\/flascopyozalit.com\/wp-content\/uploads\/2025\/11\/IMG_8963-768x1152.png 768w\" sizes=\"auto, (max-width: 1024px) 100vw, 1024px\" \/>\t\t\t\t\t\t\t\t\t\t\t\t\t\t\t<\/div>\n\t\t\t\t<\/div>\n\t\t\t\t\t<\/div>\n\t\t<\/div>\n\t\t\t\t\t\t\t<\/div>\n\t\t<\/section>\n\t\t\t\t<section class=\"elementor-section elementor-top-section elementor-element elementor-element-6ebe1fa elementor-section-content-middle elementor-section-full_width elementor-reverse-mobile elementor-reverse-tablet elementor-section-height-default elementor-section-height-default elementor-invisible\" data-id=\"6ebe1fa\" data-element_type=\"section\" data-settings=\"{&quot;animation&quot;:&quot;slideInDown&quot;}\">\n\t\t\t\t\t\t\t<div class=\"elementor-background-overlay\"><\/div>\n\t\t\t\t\t\t\t<div class=\"elementor-container elementor-column-gap-no\">\n\t\t\t\t\t<div class=\"elementor-column elementor-col-50 elementor-top-column elementor-element elementor-element-bcc68e4\" data-id=\"bcc68e4\" data-element_type=\"column\">\n\t\t\t<div class=\"elementor-widget-wrap elementor-element-populated\">\n\t\t\t\t\t\t\t\t<div class=\"elementor-element elementor-element-e03a7a6 elementor-widget elementor-widget-image\" data-id=\"e03a7a6\" data-element_type=\"widget\" data-widget_type=\"image.default\">\n\t\t\t\t<div class=\"elementor-widget-container\">\n\t\t\t\t\t\t\t\t\t\t\t\t\t\t\t<img loading=\"lazy\" decoding=\"async\" width=\"1024\" height=\"1024\" src=\"https:\/\/flascopyozalit.com\/wp-content\/uploads\/2023\/11\/Adsiz-tasarim-2023-11-01T015018.711-1024x1024.png\" class=\"attachment-large size-large wp-image-1816\" alt=\"\" srcset=\"https:\/\/flascopyozalit.com\/wp-content\/uploads\/2023\/11\/Adsiz-tasarim-2023-11-01T015018.711-1024x1024.png 1024w, https:\/\/flascopyozalit.com\/wp-content\/uploads\/2023\/11\/Adsiz-tasarim-2023-11-01T015018.711-300x300.png 300w, https:\/\/flascopyozalit.com\/wp-content\/uploads\/2023\/11\/Adsiz-tasarim-2023-11-01T015018.711-150x150.png 150w, https:\/\/flascopyozalit.com\/wp-content\/uploads\/2023\/11\/Adsiz-tasarim-2023-11-01T015018.711-768x768.png 768w, https:\/\/flascopyozalit.com\/wp-content\/uploads\/2023\/11\/Adsiz-tasarim-2023-11-01T015018.711-1536x1536.png 1536w, https:\/\/flascopyozalit.com\/wp-content\/uploads\/2023\/11\/Adsiz-tasarim-2023-11-01T015018.711-2048x2048.png 2048w\" sizes=\"auto, (max-width: 1024px) 100vw, 1024px\" \/>\t\t\t\t\t\t\t\t\t\t\t\t\t\t\t<\/div>\n\t\t\t\t<\/div>\n\t\t\t\t\t<\/div>\n\t\t<\/div>\n\t\t\t\t<div class=\"elementor-column elementor-col-50 elementor-top-column elementor-element elementor-element-7f73664\" data-id=\"7f73664\" data-element_type=\"column\">\n\t\t\t<div class=\"elementor-widget-wrap elementor-element-populated\">\n\t\t\t\t\t\t\t\t<div class=\"elementor-element elementor-element-74f167d elementor-widget elementor-widget-heading\" data-id=\"74f167d\" data-element_type=\"widget\" data-widget_type=\"heading.default\">\n\t\t\t\t<div class=\"elementor-widget-container\">\n\t\t\t<h1 class=\"elementor-heading-title elementor-size-default\">Tasar\u0131m\u0131n G\u00fcc\u00fc<\/h1>\t\t<\/div>\n\t\t\t\t<\/div>\n\t\t\t\t<div class=\"elementor-element elementor-element-ede433c elementor-widget elementor-widget-text-editor\" data-id=\"ede433c\" data-element_type=\"widget\" data-widget_type=\"text-editor.default\">\n\t\t\t\t<div class=\"elementor-widget-container\">\n\t\t\t\t\t\t\t<p>Bask\u0131lar\u0131m\u0131z\u0131n etkileyici olmas\u0131, tasar\u0131m ekibimizin yarat\u0131c\u0131l\u0131\u011f\u0131na dayanmaktad\u0131r. \u00d6zg\u00fcn ve g\u00f6z al\u0131c\u0131 tasar\u0131mlarla, projelerinizi s\u0131radanl\u0131ktan s\u0131yr\u0131lm\u0131\u015f bir \u015fekilde sunuyoruz.<\/p>\t\t\t\t\t\t<\/div>\n\t\t\t\t<\/div>\n\t\t\t\t\t<\/div>\n\t\t<\/div>\n\t\t\t\t\t\t\t<\/div>\n\t\t<\/section>\n\t\t\t\t<section class=\"elementor-section elementor-top-section elementor-element elementor-element-d92950d elementor-section-content-middle elementor-section-full_width elementor-section-height-default elementor-section-height-default elementor-invisible\" data-id=\"d92950d\" data-element_type=\"section\" data-settings=\"{&quot;animation&quot;:&quot;slideInDown&quot;}\">\n\t\t\t\t\t\t<div class=\"elementor-container elementor-column-gap-no\">\n\t\t\t\t\t<div class=\"elementor-column elementor-col-50 elementor-top-column elementor-element elementor-element-8893581\" data-id=\"8893581\" data-element_type=\"column\">\n\t\t\t<div class=\"elementor-widget-wrap elementor-element-populated\">\n\t\t\t\t\t\t\t\t<div class=\"elementor-element elementor-element-bbd537d elementor-widget elementor-widget-heading\" data-id=\"bbd537d\" data-element_type=\"widget\" data-widget_type=\"heading.default\">\n\t\t\t\t<div class=\"elementor-widget-container\">\n\t\t\t<h2 class=\"elementor-heading-title elementor-size-default\">M\u00fc\u015fteri Memnuniyeti<\/h2>\t\t<\/div>\n\t\t\t\t<\/div>\n\t\t\t\t<div class=\"elementor-element elementor-element-2222aa2 elementor-widget elementor-widget-text-editor\" data-id=\"2222aa2\" data-element_type=\"widget\" data-widget_type=\"text-editor.default\">\n\t\t\t\t<div class=\"elementor-widget-container\">\n\t\t\t\t\t\t\t<p>M\u00fc\u015fterilerimizin ihtiya\u00e7lar\u0131 ve memnuniyeti her zaman \u00f6nceli\u011fimizdir. Fla\u015f Copy olarak, i\u015fbirli\u011fi yapt\u0131\u011f\u0131m\u0131z her m\u00fc\u015fterimizin projelerini titizlikle y\u00f6netir, zaman\u0131nda teslim eder ve m\u00fc\u015fteri taleplerine en iyi \u015fekilde yan\u0131t veririz.<\/p>\t\t\t\t\t\t<\/div>\n\t\t\t\t<\/div>\n\t\t\t\t\t<\/div>\n\t\t<\/div>\n\t\t\t\t<div class=\"elementor-column elementor-col-50 elementor-top-column elementor-element elementor-element-d5144e9\" data-id=\"d5144e9\" data-element_type=\"column\">\n\t\t\t<div class=\"elementor-widget-wrap elementor-element-populated\">\n\t\t\t\t\t\t\t\t<div class=\"elementor-element elementor-element-c8f2507 elementor-widget elementor-widget-image\" data-id=\"c8f2507\" data-element_type=\"widget\" data-widget_type=\"image.default\">\n\t\t\t\t<div class=\"elementor-widget-container\">\n\t\t\t\t\t\t\t\t\t\t\t\t\t\t\t<img loading=\"lazy\" decoding=\"async\" width=\"2480\" height=\"2480\" src=\"https:\/\/flascopyozalit.com\/wp-content\/uploads\/2023\/11\/Adsiz-tasarim-2023-11-01T014948.578.png\" class=\"attachment-full size-full wp-image-1814\" alt=\"\" srcset=\"https:\/\/flascopyozalit.com\/wp-content\/uploads\/2023\/11\/Adsiz-tasarim-2023-11-01T014948.578.png 2480w, https:\/\/flascopyozalit.com\/wp-content\/uploads\/2023\/11\/Adsiz-tasarim-2023-11-01T014948.578-300x300.png 300w, https:\/\/flascopyozalit.com\/wp-content\/uploads\/2023\/11\/Adsiz-tasarim-2023-11-01T014948.578-1024x1024.png 1024w, https:\/\/flascopyozalit.com\/wp-content\/uploads\/2023\/11\/Adsiz-tasarim-2023-11-01T014948.578-150x150.png 150w, https:\/\/flascopyozalit.com\/wp-content\/uploads\/2023\/11\/Adsiz-tasarim-2023-11-01T014948.578-768x768.png 768w, https:\/\/flascopyozalit.com\/wp-content\/uploads\/2023\/11\/Adsiz-tasarim-2023-11-01T014948.578-1536x1536.png 1536w, https:\/\/flascopyozalit.com\/wp-content\/uploads\/2023\/11\/Adsiz-tasarim-2023-11-01T014948.578-2048x2048.png 2048w\" sizes=\"auto, (max-width: 2480px) 100vw, 2480px\" \/>\t\t\t\t\t\t\t\t\t\t\t\t\t\t\t<\/div>\n\t\t\t\t<\/div>\n\t\t\t\t\t<\/div>\n\t\t<\/div>\n\t\t\t\t\t\t\t<\/div>\n\t\t<\/section>\n\t\t\t\t<section class=\"elementor-section elementor-top-section elementor-element elementor-element-bf148f2 elementor-section-boxed elementor-section-height-default elementor-section-height-default\" data-id=\"bf148f2\" data-element_type=\"section\">\n\t\t\t\t\t\t<div class=\"elementor-container elementor-column-gap-default\">\n\t\t\t\t\t<div class=\"elementor-column elementor-col-100 elementor-top-column elementor-element elementor-element-0418ae5\" data-id=\"0418ae5\" data-element_type=\"column\">\n\t\t\t<div class=\"elementor-widget-wrap\">\n\t\t\t\t\t\t\t\t\t<\/div>\n\t\t<\/div>\n\t\t\t\t\t\t\t<\/div>\n\t\t<\/section>\n\t\t\t\t\t\t\t<\/div>\n\t\t","protected":false},"excerpt":{"rendered":"<p>Hakk\u0131m\u0131zda 1991 y\u0131l\u0131ndan bu yana Fla\u015f Copy, T\u00fcrkiye\u2019nin dijital bask\u0131 alan\u0131ndaki \u00f6nc\u00fc firmalar\u0131ndan biridir. Y\u00fcksek kaliteli bask\u0131 teknolojilerini yarat\u0131c\u0131 tasar\u0131m anlay\u0131\u015f\u0131yla birle\u015ftirerek; kurumsal firmalara, ajanslara ve bireysel m\u00fc\u015fterilere \u00f6zel \u00e7\u00f6z\u00fcmler sunuyoruz. Bro\u015f\u00fcr, katalog, kartvizit, branda, afi\u015f, ti\u015f\u00f6rt ve promosyon \u00fcr\u00fcnleri gibi geni\u015f bir \u00fcretim yelpazemizle, fikirlerinizi ger\u00e7e\u011fe d\u00f6n\u00fc\u015ft\u00fcr\u00fcyoruz. Fla\u015f Copy olarak amac\u0131m\u0131z; sadece bask\u0131 yapmak &hellip;<\/p>\n<p class=\"read-more\"> <a class=\"\" href=\"https:\/\/flascopyozalit.com\/index.php\/hakkimizda\/\"> <span class=\"screen-reader-text\">Hakk\u0131m\u0131zda<\/span> Devam\u0131 &raquo;<\/a><\/p>\n","protected":false},"author":1,"featured_media":0,"parent":0,"menu_order":0,"comment_status":"closed","ping_status":"closed","template":"","meta":{"site-sidebar-layout":"no-sidebar","site-content-layout":"page-builder","ast-site-content-layout":"full-width-container","site-content-style":"unboxed","site-sidebar-style":"unboxed","ast-global-header-display":"","ast-banner-title-visibility":"","ast-main-header-display":"","ast-hfb-above-header-display":"","ast-hfb-below-header-display":"","ast-hfb-mobile-header-display":"","site-post-title":"disabled","ast-breadcrumbs-content":"","ast-featured-img":"disabled","footer-sml-layout":"","theme-transparent-header-meta":"","adv-header-id-meta":"","stick-header-meta":"","header-above-stick-meta":"","header-main-stick-meta":"","header-below-stick-meta":"","astra-migrate-meta-layouts":"set","footnotes":""},"class_list":["post-1809","page","type-page","status-publish","hentry"],"_links":{"self":[{"href":"https:\/\/flascopyozalit.com\/index.php\/wp-json\/wp\/v2\/pages\/1809","targetHints":{"allow":["GET"]}}],"collection":[{"href":"https:\/\/flascopyozalit.com\/index.php\/wp-json\/wp\/v2\/pages"}],"about":[{"href":"https:\/\/flascopyozalit.com\/index.php\/wp-json\/wp\/v2\/types\/page"}],"author":[{"embeddable":true,"href":"https:\/\/flascopyozalit.com\/index.php\/wp-json\/wp\/v2\/users\/1"}],"replies":[{"embeddable":true,"href":"https:\/\/flascopyozalit.com\/index.php\/wp-json\/wp\/v2\/comments?post=1809"}],"version-history":[{"count":23,"href":"https:\/\/flascopyozalit.com\/index.php\/wp-json\/wp\/v2\/pages\/1809\/revisions"}],"predecessor-version":[{"id":2060,"href":"https:\/\/flascopyozalit.com\/index.php\/wp-json\/wp\/v2\/pages\/1809\/revisions\/2060"}],"wp:attachment":[{"href":"https:\/\/flascopyozalit.com\/index.php\/wp-json\/wp\/v2\/media?parent=1809"}],"curies":[{"name":"wp","href":"https:\/\/api.w.org\/{rel}","templated":true}]}}